{"id":799,"date":"2018-09-12T06:37:11","date_gmt":"2018-09-12T06:37:11","guid":{"rendered":"http:\/\/levels.krucialthemes.com\/demo1\/?page_id=12"},"modified":"2025-03-14T09:14:31","modified_gmt":"2025-03-14T08:14:31","slug":"home","status":"publish","type":"page","link":"https:\/\/hoehnebau.de\/","title":{"rendered":"Home"},"content":{"rendered":"<p>[vc_row][vc_column][rev_slider_vc alias=&#8220;home-slider&#8220;][\/vc_column][\/vc_row][vc_row css=&#8220;.vc_custom_1536202152530{padding-top: 60px !important;padding-bottom: 100px !important;}&#8220;][vc_column][vc_row_inner][vc_column_inner width=&#8220;1\/4&#8243;][\/vc_column_inner][vc_column_inner width=&#8220;1\/2&#8243;]\r\n    <h4 class=\"krucial-custom-heading \" id=\"heading_69d9674403aed\">\r\n        Unser Service    <\/h4>\r\n\r\n\t\r\n    <div class=\"animation-69d9674403b79 animation_hidden\" style=\"animation-duration:.5s;-moz-animation-duration:.5s;-webkit-animation-duration:.5s;animation-delay:0s;-moz-animation-delay:0s;-webkit-animation-delay:0s;\">\r\n\t\t\r\n    <h3 class=\"krucial-custom-heading add-separator center\" id=\"heading_69d9674403c20\">\r\n        Die Firma H\u00f6hne Bau ist der Spezialist in der Altbausanierung <mark>immer<\/mark>.    <\/h3>\r\n\r\n\t    <\/div>\r\n\r\n    \r\n    <div class=\"animation-69d9674403d1e animation_hidden\" style=\"animation-duration:.5s;-moz-animation-duration:.5s;-webkit-animation-duration:.5s;animation-delay:0.25s;-moz-animation-delay:0.25s;-webkit-animation-delay:0.25s;\">\r\n\t\t[vc_column_text]<\/p>\n<p style=\"text-align: center;\">Willkommen<\/p>\n<p style=\"text-align: center;\">Die Firma H\u00f6hne Bau ist Ihr Spezialist in der Altbausanierung. Die Firma H\u00f6hne Bau ist ein Familienunternehmen das im Jahr 1990 von Ullrich H\u00f6hne gegr\u00fcndet wurde.<br \/>\nDas Gesch\u00e4ft wird seit 2006 von Martin H\u00f6hne erfolgreich weiter gef\u00fchrt.<\/p>\n<p style=\"text-align: center;\">Wir k\u00f6nnen f\u00fcr Sie folgende Leistungen anbieten:<\/p>\n<p style=\"text-align: center;\">\u00a0 \u00a0 \u00a0 \u00a0&#8211; \u00a0\u00a0Kalkulation und Angebotserstellung<\/p>\n<p style=\"text-align: center;\">\u00a0 \u00a0 \u00a0 \u00a0&#8211; \u00a0\u00a0Bauplanung und Bauleitung<\/p>\n<p style=\"text-align: center;\">\u00a0 \u00a0 \u00a0 \u00a0&#8211; \u00a0\u00a0Bauausf\u00fchrung<\/p>\n<p>[\/vc_column_text]    <\/div>\r\n\r\n    \r\n    <div class=\"create-space\" id=\"space_69d9674403d54\"><\/div>\r\n\r\n\t[\/vc_column_inner][vc_column_inner width=&#8220;1\/4&#8243;][\/vc_column_inner][\/vc_row_inner][\/vc_column][\/vc_row][vc_row full_width=&#8220;stretch_row&#8220; parallax=&#8220;content-moving&#8220; parallax_image=&#8220;620&#8243; css=&#8220;.vc_custom_1538377228364{padding-top: 120px !important;padding-bottom: 140px !important;}&#8220;][vc_column css=&#8220;.vc_custom_1584529367275{margin-top: -50px !important;}&#8220;][vc_row_inner][vc_column_inner width=&#8220;1\/6&#8243;][\/vc_column_inner][vc_column_inner width=&#8220;2\/3&#8243;]\r\n    <div class=\"animation-69d9674403d73 animation_hidden\" style=\"animation-duration:0.5s;-moz-animation-duration:0.5s;-webkit-animation-duration:0.5s;animation-delay:0s;-moz-animation-delay:0s;-webkit-animation-delay:0s;\">\r\n\t\t\r\n    <h4 class=\"krucial-custom-heading add-separator center\" id=\"heading_69d9674403dc3\">\r\n        Unsere Philisophie    <\/h4>\r\n\r\n\t    <\/div>\r\n\r\n    \r\n    <div class=\"animation-69d9674403e38 animation_hidden\" style=\"animation-duration:0.5s;-moz-animation-duration:0.5s;-webkit-animation-duration:0.5s;animation-delay:0.25s;-moz-animation-delay:0.25s;-webkit-animation-delay:0.25s;\">\r\n\t\t\r\n    <h3 class=\"krucial-custom-heading \" id=\"heading_69d9674403e71\">\r\n        <mark>``<\/mark> Gesetz der Wirtschaft <mark>``<\/mark>    <\/h3>\r\n\r\n\t\r\n    <h3 class=\"krucial-custom-heading add-separator center\" id=\"heading_69d9674403ed3\">\r\n        Es gibt kaum etwas auf dieser Welt, das nicht jemand ein wenig schlechter machen und etwas billiger verkaufen k\u00f6nnte. Und die Menschen, die sich nur am Preis orientieren, werden die gerechte Beute solcher Machenschaften. Es ist unklug zuviel zu bezahlen, aber es ist genauso unklug zu wenig zu bezahlen. Wenn Sie zuviel bezahlen, verlieren Sie etwas Geld, das ist alles. Bezahlen Sie dagegen zu wenig, verlieren Sie manchmal alles, da der gekaufte Gegenstand die ihm zugedachte Aufgabe nicht erf\u00fcllen kann. Das Gesetz der Wirtschaft verbietet es, f\u00fcr wenig Geld viel Wert zu erhalten ... Das funktioniert nicht. Nehmen Sie das niedrigste Angebot an, m\u00fcssen Sie f\u00fcr das eingegangene Risiko etwas hinzurechnen. Wenn Sie das aber tun, dann haben Sie auch genug Geld, um f\u00fcr etwas Besseres zu bezahlen. ( John Ruskin 1819 - 1900 )    <\/h3>\r\n\r\n\t    <\/div>\r\n\r\n    [\/vc_column_inner][vc_column_inner width=&#8220;1\/6&#8243;][\/vc_column_inner][\/vc_row_inner][\/vc_column][\/vc_row][vc_row css=&#8220;.vc_custom_1536202690671{padding-top: 80px !important;padding-bottom: 100px !important;}&#8220;][vc_column][vc_row_inner][vc_column_inner width=&#8220;1\/6&#8243;][\/vc_column_inner][vc_column_inner width=&#8220;2\/3&#8243;]\r\n    <h4 class=\"krucial-custom-heading \" id=\"heading_69d9674403f3b\">\r\n        Unser Portfolio    <\/h4>\r\n\r\n\t\r\n    <div class=\"animation-69d9674403f83 animation_hidden\" style=\"animation-duration:1s;-moz-animation-duration:1s;-webkit-animation-duration:1s;animation-delay:0s;-moz-animation-delay:0s;-webkit-animation-delay:0s;\">\r\n\t\t\r\n    <h3 class=\"krucial-custom-heading \" id=\"heading_69d9674403fd5\">\r\n        Unsere <mark>Projekte <\/mark>im Bereich der Altbausanierung.    <\/h3>\r\n\r\n\t[vc_column_text]<\/p>\n<p style=\"text-align: left;\">Als Generalunternehmen f\u00fchren wir f\u00fcr Sie Ihre Projekte zu Ihrer Zufriedenheit aus. So dass Sie ganz einfach und bequem zu Ihrem Ziel kommen.<\/p>\n<p style=\"text-align: left;\">Wir achten dabei immer stets auf Ihre W\u00fcnsche. Zu unseren Kunden geh\u00f6ren Architekten, Gewerbebetriebe, Hausverwaltungen, Investoren und \u00d6ffentliche- und Private Auftraggeber.<\/p>\n<p style=\"text-align: left;\">Wir freuen Uns auf eine gute Zusammenarbeit.<\/p>\n<p>[\/vc_column_text]    <\/div>\r\n\r\n    [\/vc_column_inner][vc_column_inner width=&#8220;1\/6&#8243;][\/vc_column_inner][\/vc_row_inner][\/vc_column][\/vc_row][vc_row full_width=&#8220;stretch_row&#8220; parallax=&#8220;content-moving&#8220; parallax_image=&#8220;491&#8243; css=&#8220;.vc_custom_1538108902936{padding-top: 120px !important;padding-bottom: 120px !important;}&#8220;][vc_column width=&#8220;1\/6&#8243;][\/vc_column][vc_column width=&#8220;2\/3&#8243;]\n\t<div class=\"content-box  left\" id=\"content_box_69d967440403a\">\n\t\t\r\n    <div class=\"animation-69d96744040bb animation_hidden\" style=\"animation-duration:.5s;-moz-animation-duration:.5s;-webkit-animation-duration:.5s;animation-delay:0s;-moz-animation-delay:0s;-webkit-animation-delay:0s;\">\r\n\t\t\r\n    <h4 class=\"krucial-custom-heading \" id=\"heading_69d9674404102\">\r\n        H\u00f6hne Bau Zahlen    <\/h4>\r\n\r\n\t    <\/div>\r\n\r\n    \r\n    <div class=\"animation-69d9674404169 animation_hidden\" style=\"animation-duration:.5s;-moz-animation-duration:.5s;-webkit-animation-duration:.5s;animation-delay:0.25s;-moz-animation-delay:0.25s;-webkit-animation-delay:0.25s;\">\r\n\t\t\r\n    <h3 class=\"krucial-custom-heading add-separator center\" id=\"heading_69d96744041ac\">\r\n        Seit 35 Jahren im Bereich der <mark>Altbausanierung <\/mark>.    <\/h3>\r\n\r\n\t    <\/div>\r\n\r\n    [vc_row_inner][vc_column_inner width=&#8220;1\/3&#8243;]\n\t<div class=\"number-counter\" id=\"counter_wrap_69d967440421a\">\n\t\t<div class=\"counter-value\" id=\"counter_value_69d9674404219\">\n\n\t\t<\/div>\n\t\t<div class=\"counter-title\">\n\t\t\tSeit\t\t<\/div>\n\t<\/div>\n\n\t\r\n    <div class=\"create-space\" id=\"space_69d967440424b\"><\/div>\r\n\r\n\t[\/vc_column_inner][vc_column_inner width=&#8220;1\/3&#8243;]\n\t<div class=\"number-counter\" id=\"counter_wrap_69d9674404264\">\n\t\t<div class=\"counter-value\" id=\"counter_value_69d9674404263\">\n\n\t\t<\/div>\n\t\t<div class=\"counter-title\">\n\t\t\tKunden\t\t<\/div>\n\t<\/div>\n\n\t\r\n    <div class=\"create-space\" id=\"space_69d9674404284\"><\/div>\r\n\r\n\t[\/vc_column_inner][vc_column_inner width=&#8220;1\/3&#8243;]\n\t<div class=\"number-counter\" id=\"counter_wrap_69d9674404299\">\n\t\t<div class=\"counter-value\" id=\"counter_value_69d9674404298\">\n\n\t\t<\/div>\n\t\t<div class=\"counter-title\">\n\t\t\tProjekte\t\t<\/div>\n\t<\/div>\n\n\t[\/vc_column_inner][\/vc_row_inner]\r\n    <div class=\"create-space\" id=\"space_69d96744042b8\"><\/div>\r\n\r\n\t\t<\/div>\n\n\t[\/vc_column][vc_column width=&#8220;1\/6&#8243;][\/vc_column][\/vc_row][vc_row css=&#8220;.vc_custom_1536202690671{padding-top: 80px !important;padding-bottom: 100px !important;}&#8220;][vc_column][vc_row_inner][vc_column_inner width=&#8220;1\/2&#8243;]\r\n    <h4 class=\"krucial-custom-heading \" id=\"heading_69d96744042eb\">\r\n        Aufgabenbereich    <\/h4>\r\n\r\n\t\r\n    <div class=\"animation-69d967440436c animation_hidden\" style=\"animation-duration:1s;-moz-animation-duration:1s;-webkit-animation-duration:1s;animation-delay:0s;-moz-animation-delay:0s;-webkit-animation-delay:0s;\">\r\n\t\t\r\n    <h3 class=\"krucial-custom-heading \" id=\"heading_69d96744043ae\">\r\n        Unsere <mark>Bauleistungen<\/mark>    <\/h3>\r\n\r\n\t[vc_column_text]<\/p>\n<ul>\n<li>Abbrucharbeiten<\/li>\n<li>Abdichtungsarbeiten<\/li>\n<li>Beton- und Stahlbetonarbeiten<\/li>\n<li>Maurerarbeiten<\/li>\n<li>Klinkerarbeiten<\/li>\n<li>Putzarbeiten<\/li>\n<li>Trockenbauarbeiten<\/li>\n<\/ul>\n<p>[\/vc_column_text]    <\/div>\r\n\r\n    [\/vc_column_inner][vc_column_inner width=&#8220;1\/2&#8243;]\r\n    <h4 class=\"krucial-custom-heading \" id=\"heading_69d9674404419\">\r\n        Sofortkontakt    <\/h4>\r\n\r\n\t\r\n    <div class=\"animation-69d967440445d animation_hidden\" style=\"animation-duration:2s;-moz-animation-duration:2s;-webkit-animation-duration:2s;animation-delay:0.5s;-moz-animation-delay:0.5s;-webkit-animation-delay:0.5s;\">\r\n\t\t\r\n    <h3 class=\"krucial-custom-heading \" id=\"heading_69d9674404498\">\r\n        Ihr <mark>Sofortkontakt<\/mark>    <\/h3>\r\n\r\n\t[vc_column_text]Wir sind in der Zeit von 7:00 bis 16:00 Uhr f\u00fcr Sie erreichbar.<\/p>\n<p>H\u00f6hne Bau<\/p>\n<p>Bergstra\u00dfe 4<\/p>\n<p>16356 Ahrensfelde<\/p>\n<p>Fon: \u00a0+49 (0) 30 9366 8066<\/p>\n<p class=\"p-02\">Fax: \u00a0+49 (0) 30 9366 8067<\/p>\n<p class=\"p-02\"><strong>E-Mail<\/strong>:\u00a0<a href=\"mailto:info@hoehnebau.de\" target=\"_blank\" rel=\"noopener noreferrer\">info@hoehnebau.de<\/a><\/p>\n<p>[\/vc_column_text]    <\/div>\r\n\r\n    [\/vc_column_inner][\/vc_row_inner][\/vc_column][\/vc_row][vc_row css=&#8220;.vc_custom_1589105095388{padding-top: 5px !important;padding-bottom: 100px !important;background-color: #ffffff !important;}&#8220;][vc_column]\r\n    <div class=\"animation-69d96744044fd animation_hidden\" style=\"animation-duration:0.5s;-moz-animation-duration:0.5s;-webkit-animation-duration:0.5s;animation-delay:0s;-moz-animation-delay:0s;-webkit-animation-delay:0s;\">\r\n\t\t\r\n    <h4 class=\"krucial-custom-heading \" id=\"heading_69d967440453c\">\r\n        Sprechen Sie uns an    <\/h4>\r\n\r\n\t    <\/div>\r\n\r\n    \r\n    <div class=\"animation-69d96744045d9 animation_hidden\" style=\"animation-duration:0.5s;-moz-animation-duration:0.5s;-webkit-animation-duration:0.5s;animation-delay:0.25s;-moz-animation-delay:0.25s;-webkit-animation-delay:0.25s;\">\r\n\t\t\r\n    <h3 class=\"krucial-custom-heading add-separator left\" id=\"heading_69d967440460c\">\r\n        Erhalten Sie ein <mark>Angebot<\/mark> zu ihrer pers\u00f6nlichen Altbausanierung.    <\/h3>\r\n\r\n\t    <\/div>\r\n\r\n    \n<div class=\"wpcf7 no-js\" id=\"wpcf7-f76-o1\" lang=\"en-US\" dir=\"ltr\" data-wpcf7-id=\"76\">\n<div class=\"screen-reader-response\"><p role=\"status\" aria-live=\"polite\" aria-atomic=\"true\"><\/p> <ul><\/ul><\/div>\n<form action=\"\/index.php\/wp-json\/wp\/v2\/pages\/799#wpcf7-f76-o1\" method=\"post\" class=\"wpcf7-form init\" aria-label=\"Contact form\" novalidate=\"novalidate\" data-status=\"init\">\n<fieldset class=\"hidden-fields-container\"><input type=\"hidden\" name=\"_wpcf7\" value=\"76\" \/><input type=\"hidden\" name=\"_wpcf7_version\" value=\"6.1.5\" \/><input type=\"hidden\" name=\"_wpcf7_locale\" value=\"en_US\" \/><input type=\"hidden\" name=\"_wpcf7_unit_tag\" value=\"wpcf7-f76-o1\" \/><input type=\"hidden\" name=\"_wpcf7_container_post\" value=\"0\" \/><input type=\"hidden\" name=\"_wpcf7_posted_data_hash\" value=\"\" \/>\n<\/fieldset>\n<div class=\"row\">\n\t<div class=\"col-12 col-md-3\">\n\t\t<p><label>Ihr Name<\/label><br \/>\n<span class=\"wpcf7-form-control-wrap\" data-name=\"text-657\"><input size=\"40\" maxlength=\"400\" class=\"wpcf7-form-control wpcf7-text wpcf7-validates-as-required\" aria-required=\"true\" aria-invalid=\"false\" placeholder=\"Ihr Name\" value=\"\" type=\"text\" name=\"text-657\" \/><\/span>\n\t\t<\/p>\n\t<\/div>\n\t<div class=\"col-12 col-md-3\">\n\t\t<p><label>Ihre Rufnummer<\/label><br \/>\n<span class=\"wpcf7-form-control-wrap\" data-name=\"tel-158\"><input size=\"40\" maxlength=\"400\" class=\"wpcf7-form-control wpcf7-tel wpcf7-validates-as-required wpcf7-text wpcf7-validates-as-tel\" aria-required=\"true\" aria-invalid=\"false\" placeholder=\"Nummer\" value=\"\" type=\"tel\" name=\"tel-158\" \/><\/span>\n\t\t<\/p>\n\t<\/div>\n\t<div class=\"col-12 col-md-3\">\n\t\t<p><label>Anfrage zu...<\/label><br \/>\n<span class=\"wpcf7-form-control-wrap\" data-name=\"menu-971\"><select class=\"wpcf7-form-control wpcf7-select wpcf7-validates-as-required\" aria-required=\"true\" aria-invalid=\"false\" name=\"menu-971\"><option value=\"Altbausanierung\">Altbausanierung<\/option><option value=\"Allgemeine Anfrage\">Allgemeine Anfrage<\/option><option value=\"Rufen Sie mich zur\u00fcck\">Rufen Sie mich zur\u00fcck<\/option><\/select><\/span>\n\t\t<\/p>\n\t<\/div>\n\t<div class=\"col-12 col-md-3\">\n\t\t<div class=\"cf7-submit-btn\">\n\t\t\t<p><input class=\"wpcf7-form-control wpcf7-submit has-spinner\" type=\"submit\" value=\"jetzt anfragen\" \/>\n\t\t\t<\/p>\n\t\t<\/div>\n\t<\/div>\n\t<p><span class=\"wpcf7-form-control-wrap\" data-name=\"acceptance-281\"><span class=\"wpcf7-form-control wpcf7-acceptance\"><span class=\"wpcf7-list-item\"><input type=\"checkbox\" name=\"acceptance-281\" value=\"1\" aria-invalid=\"false\" \/><\/span><\/span><\/span>Ich habe die <a href=\"http:\/\/hoehnebau.de\/index.php\/datenschutzerklaerung\/\">Datenschutzerkl\u00e4rung <\/a>zur Kenntnis genommen. Ich stimme zu, dass meine Angaben und Daten zur Beantwortung meiner Anfrage elektronisch erhoben und gespeichert werden.\n\t<\/p>\n<\/div><div class=\"wpcf7-response-output\" aria-hidden=\"true\"><\/div>\n<\/form>\n<\/div>\n[\/vc_column][\/vc_row]<\/p>\n","protected":false},"excerpt":{"rendered":"<p>[vc_row][vc_column][rev_slider_vc alias=&#8220;home-slider&#8220;][\/vc_column][\/vc_row][vc_row css=&#8220;.vc_custom_1536202152530{padding-top: 60px !important;padding-bottom: 100px !important;}&#8220;][vc_column][vc_row_inner][vc_column_inner width=&#8220;1\/4&#8243;][\/vc_column_inner][vc_column_inner width=&#8220;1\/2&#8243;][\/vc_column_inner][vc_column_inner width=&#8220;1\/4&#8243;][\/vc_column_inner][\/vc_row_inner][\/vc_column][\/vc_row][vc_row full_width=&#8220;stretch_row&#8220; parallax=&#8220;content-moving&#8220; parallax_image=&#8220;620&#8243; css=&#8220;.vc_custom_1538377228364{padding-top: 120px&#8230;<\/p>\n","protected":false},"author":1,"featured_media":0,"parent":0,"menu_order":0,"comment_status":"closed","ping_status":"closed","template":"","meta":{"footnotes":""},"class_list":["post-799","page","type-page","status-publish","hentry"],"_links":{"self":[{"href":"https:\/\/hoehnebau.de\/index.php\/wp-json\/wp\/v2\/pages\/799","targetHints":{"allow":["GET"]}}],"collection":[{"href":"https:\/\/hoehnebau.de\/index.php\/wp-json\/wp\/v2\/pages"}],"about":[{"href":"https:\/\/hoehnebau.de\/index.php\/wp-json\/wp\/v2\/types\/page"}],"author":[{"embeddable":true,"href":"https:\/\/hoehnebau.de\/index.php\/wp-json\/wp\/v2\/users\/1"}],"replies":[{"embeddable":true,"href":"https:\/\/hoehnebau.de\/index.php\/wp-json\/wp\/v2\/comments?post=799"}],"version-history":[{"count":40,"href":"https:\/\/hoehnebau.de\/index.php\/wp-json\/wp\/v2\/pages\/799\/revisions"}],"predecessor-version":[{"id":885,"href":"https:\/\/hoehnebau.de\/index.php\/wp-json\/wp\/v2\/pages\/799\/revisions\/885"}],"wp:attachment":[{"href":"https:\/\/hoehnebau.de\/index.php\/wp-json\/wp\/v2\/media?parent=799"}],"curies":[{"name":"wp","href":"https:\/\/api.w.org\/{rel}","templated":true}]}}